{"id":172,"date":"2024-02-19T21:04:47","date_gmt":"2024-02-19T21:04:47","guid":{"rendered":"http:\/\/192.168.10.58\/cdr\/?page_id=172"},"modified":"2024-02-29T18:16:20","modified_gmt":"2024-02-29T18:16:20","slug":"le-jeu-de-role","status":"publish","type":"page","link":"https:\/\/citadellederoq.fr\/index.php\/le-jeu-de-role\/","title":{"rendered":"Le Jeu de R\u00f4le"},"content":{"rendered":"\n<p>Le jeu de r\u00f4le sur table, ou JDR, est une activit\u00e9 ludique r\u00e9unissant autour d\u2019une table de 2 \u00e0 5 participants, les joueurs ou \u00ab\u00a0PJ\u00a0\u00bb. Chaque joueur\u00a0<strong>incarne un personnage qu\u2019il va interpr\u00e9ter<\/strong>, c\u2019est-\u00e0-dire qu\u2019il va parler et d\u00e9crire ses actions comme s\u2019il \u00e9tait dans la peau de ce personnage. A travers leur personnage, les joueurs vont\u00a0<strong>interagir et \u00e9voluer dans un univers<\/strong>, lui aussi fictif, qui sera pr\u00e9sent\u00e9 et anim\u00e9 par une tierce personne\u00a0:\u00a0<strong>le Ma\u00eetre du Jeu \u00ab\u00a0MJ\u00a0\u00bb<\/strong>, ou meujeu et parfois aussi le Ma\u00ee\u00ee\u00ee\u00ee\u00ee\u00eetre.<\/p>\n\n\n\n<p>Ce dernier a pour but d\u2019immerger les joueurs dans une histoire. Il d\u00e9crit le contexte, le d\u00e9cor, et interpr\u00e8te tous les personnages non joueurs \u00ab\u00a0PNJ\u00a0\u00bb ainsi que les monstres rencontr\u00e9s. C\u2019est le garant de l\u2019univers, des r\u00e8gles du jeu et de la dynamique du groupe.<\/p>\n\n\n\n<p>En tant que joueur,\u00a0<strong>nul besoin d\u2019\u00eatre acteur\u00a0<\/strong>de th\u00e9\u00e2tre ou de cin\u00e9ma, il n\u2019y a aucun pr\u00e9requis. Seul le ma\u00eetre du jeu, ou MJ, peut \u00eatre attendu sur des qualit\u00e9s d\u2019acteur et notamment une bonne dose d&rsquo;adaptation. Comme un metteur en sc\u00e8ne, le MJ tissera l\u2019histoire et les \u00ab effets sp\u00e9ciaux \u00bb autour de l\u2019improvisation des joueurs, personnages centraux dans le sc\u00e9nario.<\/p>\n\n\n\n<p class=\"has-text-align-left\">Ce sera\u00a0<strong>une histoire dont VOUS \u00eates le h\u00e9ros<\/strong> !<\/p>\n","protected":false},"excerpt":{"rendered":"<p>Le jeu de r\u00f4le sur table, ou JDR, est une activit\u00e9 ludique r\u00e9unissant autour d\u2019une table de 2 \u00e0 5 participants, les joueurs ou \u00ab\u00a0PJ\u00a0\u00bb. Chaque joueur\u00a0incarne un personnage qu\u2019il va interpr\u00e9ter, c\u2019est-\u00e0-dire qu\u2019il va parler et d\u00e9crire ses actions comme s\u2019il \u00e9tait dans la peau de ce personnage. A travers leur personnage, les joueurs &hellip; <\/p>\n<p class=\"link-more\"><a href=\"https:\/\/citadellederoq.fr\/index.php\/le-jeu-de-role\/\" class=\"more-link\">Continuer la lecture<span class=\"screen-reader-text\"> de &laquo;&nbsp;Le Jeu de R\u00f4le&nbsp;&raquo;<\/span><\/a><\/p>\n","protected":false},"author":1,"featured_media":0,"parent":0,"menu_order":0,"comment_status":"closed","ping_status":"closed","template":"","meta":{"footnotes":"","_vp_format_video_url":"","_vp_image_focal_point":[]},"_links":{"self":[{"href":"https:\/\/citadellederoq.fr\/index.php\/wp-json\/wp\/v2\/pages\/172"}],"collection":[{"href":"https:\/\/citadellederoq.fr\/index.php\/wp-json\/wp\/v2\/pages"}],"about":[{"href":"https:\/\/citadellederoq.fr\/index.php\/wp-json\/wp\/v2\/types\/page"}],"author":[{"embeddable":true,"href":"https:\/\/citadellederoq.fr\/index.php\/wp-json\/wp\/v2\/users\/1"}],"replies":[{"embeddable":true,"href":"https:\/\/citadellederoq.fr\/index.php\/wp-json\/wp\/v2\/comments?post=172"}],"version-history":[{"count":2,"href":"https:\/\/citadellederoq.fr\/index.php\/wp-json\/wp\/v2\/pages\/172\/revisions"}],"predecessor-version":[{"id":299,"href":"https:\/\/citadellederoq.fr\/index.php\/wp-json\/wp\/v2\/pages\/172\/revisions\/299"}],"wp:attachment":[{"href":"https:\/\/citadellederoq.fr\/index.php\/wp-json\/wp\/v2\/media?parent=172"}],"curies":[{"name":"wp","href":"https:\/\/api.w.org\/{rel}","templated":true}]}}