{"id":174,"date":"2024-02-19T21:04:59","date_gmt":"2024-02-19T21:04:59","guid":{"rendered":"http:\/\/192.168.10.58\/cdr\/?page_id=174"},"modified":"2024-03-01T10:51:41","modified_gmt":"2024-03-01T10:51:41","slug":"le-gn","status":"publish","type":"page","link":"https:\/\/citadellederoq.fr\/index.php\/le-gn\/","title":{"rendered":"Le GN"},"content":{"rendered":"\n<p>C\u2019est un<strong><a href=\"http:\/\/192.168.10.58\/cdr\/index.php\/le-jeu-de-role\/\" data-type=\"page\" data-id=\"172\"> jeu de r\u00f4le <\/a><\/strong>qui se joue avec un costume, en ext\u00e9rieur (campements) et parfois dans des b\u00e2timents (auberge, manoir&#8230;). Les joueurs ne connaissent pas l\u2019histoire ni le r\u00f4le des autres joueurs car l\u2019histoire nait de la discussion des joueurs entre eux.<\/p>\n\n\n\n<p>Les organisateurs ont pr\u00e9vu un sc\u00e9nario et chacun des joueurs poss\u00e8de son propre historique ou background \u00ab\u00a0BG\u00a0\u00bb et d\u00e9tient \u00e9galement des informations ou des objets concernant d\u2019autres joueurs&#8230;<\/p>\n\n\n\n<p><br>L\u2019objectif du jeu de r\u00f4le grandeur nature est de recr\u00e9er l\u2019ambiance d\u2019un univers. Pour cela, les joueurs et les organisateurs peuvent recourir \u00e0 des costumes ou d\u00e9guisements, du maquillage, des d\u00e9cors, des accessoires et des effets sp\u00e9ciaux (pyrotechnie, son et lumi\u00e8re). Les univers peuvent se d\u00e9rouler \u00e0 l\u2019\u00e9poque antique, celtique actuel, futuriste, policier, vampirique&#8230;<\/p>\n\n\n\n<p>La CDR a organis\u00e9 plusieurs GN dans les univers m\u00e9di\u00e9val fantastique et inspir\u00e9 de Harry Potter.<\/p>\n\n\n\n<p><\/p>\n\n\n\n<p>A plus petite \u00e9chelle, il existe les <strong>soir\u00e9es enqu\u00eates<\/strong> ou \u00ab\u00a0Murder party\u00a0\u00bb, dont le nombre de joueurs est plus r\u00e9duit et la dur\u00e9e est plus courte, en g\u00e9n\u00e9ral sur une soir\u00e9e.<\/p>\n","protected":false},"excerpt":{"rendered":"<p>C\u2019est un jeu de r\u00f4le qui se joue avec un costume, en ext\u00e9rieur (campements) et parfois dans des b\u00e2timents (auberge, manoir&#8230;). Les joueurs ne connaissent pas l\u2019histoire ni le r\u00f4le des autres joueurs car l\u2019histoire nait de la discussion des joueurs entre eux. Les organisateurs ont pr\u00e9vu un sc\u00e9nario et chacun des joueurs poss\u00e8de son &hellip; <\/p>\n<p class=\"link-more\"><a href=\"https:\/\/citadellederoq.fr\/index.php\/le-gn\/\" class=\"more-link\">Continuer la lecture<span class=\"screen-reader-text\"> de &laquo;&nbsp;Le GN&nbsp;&raquo;<\/span><\/a><\/p>\n","protected":false},"author":1,"featured_media":0,"parent":0,"menu_order":0,"comment_status":"closed","ping_status":"closed","template":"","meta":{"footnotes":"","_vp_format_video_url":"","_vp_image_focal_point":[]},"_links":{"self":[{"href":"https:\/\/citadellederoq.fr\/index.php\/wp-json\/wp\/v2\/pages\/174"}],"collection":[{"href":"https:\/\/citadellederoq.fr\/index.php\/wp-json\/wp\/v2\/pages"}],"about":[{"href":"https:\/\/citadellederoq.fr\/index.php\/wp-json\/wp\/v2\/types\/page"}],"author":[{"embeddable":true,"href":"https:\/\/citadellederoq.fr\/index.php\/wp-json\/wp\/v2\/users\/1"}],"replies":[{"embeddable":true,"href":"https:\/\/citadellederoq.fr\/index.php\/wp-json\/wp\/v2\/comments?post=174"}],"version-history":[{"count":4,"href":"https:\/\/citadellederoq.fr\/index.php\/wp-json\/wp\/v2\/pages\/174\/revisions"}],"predecessor-version":[{"id":548,"href":"https:\/\/citadellederoq.fr\/index.php\/wp-json\/wp\/v2\/pages\/174\/revisions\/548"}],"wp:attachment":[{"href":"https:\/\/citadellederoq.fr\/index.php\/wp-json\/wp\/v2\/media?parent=174"}],"curies":[{"name":"wp","href":"https:\/\/api.w.org\/{rel}","templated":true}]}}