{"id":176,"date":"2024-02-19T21:05:16","date_gmt":"2024-02-19T21:05:16","guid":{"rendered":"http:\/\/192.168.10.58\/cdr\/?page_id=176"},"modified":"2024-03-01T10:52:34","modified_gmt":"2024-03-01T10:52:34","slug":"la-taverne","status":"publish","type":"page","link":"https:\/\/citadellederoq.fr\/index.php\/la-taverne\/","title":{"rendered":"La Taverne"},"content":{"rendered":"\n<p>Lors de manifestations publiques telles des festivals ou des \u00e9v\u00e8nements m\u00e9di\u00e9vaux, la CDR se d\u00e9place pour vous offrir une restauration atypique pour tous les gourmands !<\/p>\n\n\n\n<p>Tous les ans, nous tenons la \u00ab\u00a0Taverne de Roq\u00a0\u00bb \u00e0 Roquefort lors des f\u00eates patronnales \u00e0 la mi aout<\/p>\n\n\n\n<p>Pour les myst\u00e8res de la cit\u00e9 \u00e0 Lescar lors des journ\u00e9es du patrimoine.<\/p>\n\n\n\n<p>Et partout o\u00f9 l&rsquo;on veut bien de nous !<\/p>\n\n\n\n<p>La cuisine est tenue par Guigui, chef cuistot et magicien des fourneaux. Les membres participants font le service, tiennent la buvette et prennent les commandes.<\/p>\n","protected":false},"excerpt":{"rendered":"<p>Lors de manifestations publiques telles des festivals ou des \u00e9v\u00e8nements m\u00e9di\u00e9vaux, la CDR se d\u00e9place pour vous offrir une restauration atypique pour tous les gourmands ! Tous les ans, nous tenons la \u00ab\u00a0Taverne de Roq\u00a0\u00bb \u00e0 Roquefort lors des f\u00eates patronnales \u00e0 la mi aout Pour les myst\u00e8res de la cit\u00e9 \u00e0 Lescar lors des &hellip; <\/p>\n<p class=\"link-more\"><a href=\"https:\/\/citadellederoq.fr\/index.php\/la-taverne\/\" class=\"more-link\">Continuer la lecture<span class=\"screen-reader-text\"> de &laquo;&nbsp;La Taverne&nbsp;&raquo;<\/span><\/a><\/p>\n","protected":false},"author":1,"featured_media":0,"parent":0,"menu_order":0,"comment_status":"closed","ping_status":"closed","template":"","meta":{"footnotes":"","_vp_format_video_url":"","_vp_image_focal_point":[]},"_links":{"self":[{"href":"https:\/\/citadellederoq.fr\/index.php\/wp-json\/wp\/v2\/pages\/176"}],"collection":[{"href":"https:\/\/citadellederoq.fr\/index.php\/wp-json\/wp\/v2\/pages"}],"about":[{"href":"https:\/\/citadellederoq.fr\/index.php\/wp-json\/wp\/v2\/types\/page"}],"author":[{"embeddable":true,"href":"https:\/\/citadellederoq.fr\/index.php\/wp-json\/wp\/v2\/users\/1"}],"replies":[{"embeddable":true,"href":"https:\/\/citadellederoq.fr\/index.php\/wp-json\/wp\/v2\/comments?post=176"}],"version-history":[{"count":4,"href":"https:\/\/citadellederoq.fr\/index.php\/wp-json\/wp\/v2\/pages\/176\/revisions"}],"predecessor-version":[{"id":550,"href":"https:\/\/citadellederoq.fr\/index.php\/wp-json\/wp\/v2\/pages\/176\/revisions\/550"}],"wp:attachment":[{"href":"https:\/\/citadellederoq.fr\/index.php\/wp-json\/wp\/v2\/media?parent=176"}],"curies":[{"name":"wp","href":"https:\/\/api.w.org\/{rel}","templated":true}]}}