{"id":201,"date":"2024-02-19T21:36:56","date_gmt":"2024-02-19T21:36:56","guid":{"rendered":"http:\/\/192.168.10.58\/cdr\/?page_id=201"},"modified":"2024-02-19T21:51:50","modified_gmt":"2024-02-19T21:51:50","slug":"bienvenue-au-coeur-de-la-citadelle-de-roq-presentation-1","status":"publish","type":"page","link":"https:\/\/citadellederoq.fr\/","title":{"rendered":"Bienvenue au coeur de la Citadelle de Roq."},"content":{"rendered":"\n<p>D\u00e9crire en quelques lignes notre histoire, nos activit\u00e9s et la passion qui nous anime me semble inconcevable tant il y a de choses \u00e0 dire, \u00e0 raconter, \u00e0 vivre.<\/p>\n\n\n\n<p>Ainsi, plut\u00f4t qu\u2019on long discours, laissez-moi vous faire voyager en quelques images !<\/p>\n\n\n\n<p>La Citadelle de Roq, ou \u00ab&nbsp;CDR&nbsp;\u00bb pour les habitu\u00e9s, c\u2019est \u00e0 l\u2019origine des amis qui se r\u00e9unissent autour d\u2019une table pour pratiquer le jeu de r\u00f4le \u00ab&nbsp;JDR&nbsp;\u00bb.<\/p>\n","protected":false},"excerpt":{"rendered":"<p>D\u00e9crire en quelques lignes notre histoire, nos activit\u00e9s et la passion qui nous anime me semble inconcevable tant il y a de choses \u00e0 dire, \u00e0 raconter, \u00e0 vivre. Ainsi, plut\u00f4t qu\u2019on long discours, laissez-moi vous faire voyager en quelques images ! La Citadelle de Roq, ou \u00ab&nbsp;CDR&nbsp;\u00bb pour les habitu\u00e9s, c\u2019est \u00e0 l\u2019origine des &hellip; <\/p>\n<p class=\"link-more\"><a href=\"https:\/\/citadellederoq.fr\/\" class=\"more-link\">Continuer la lecture<span class=\"screen-reader-text\"> de &laquo;&nbsp;Bienvenue au coeur de la Citadelle de Roq.&nbsp;&raquo;<\/span><\/a><\/p>\n","protected":false},"author":1,"featured_media":0,"parent":0,"menu_order":0,"comment_status":"closed","ping_status":"closed","template":"","meta":{"footnotes":"","_vp_format_video_url":"","_vp_image_focal_point":[]},"_links":{"self":[{"href":"https:\/\/citadellederoq.fr\/index.php\/wp-json\/wp\/v2\/pages\/201"}],"collection":[{"href":"https:\/\/citadellederoq.fr\/index.php\/wp-json\/wp\/v2\/pages"}],"about":[{"href":"https:\/\/citadellederoq.fr\/index.php\/wp-json\/wp\/v2\/types\/page"}],"author":[{"embeddable":true,"href":"https:\/\/citadellederoq.fr\/index.php\/wp-json\/wp\/v2\/users\/1"}],"replies":[{"embeddable":true,"href":"https:\/\/citadellederoq.fr\/index.php\/wp-json\/wp\/v2\/comments?post=201"}],"version-history":[{"count":1,"href":"https:\/\/citadellederoq.fr\/index.php\/wp-json\/wp\/v2\/pages\/201\/revisions"}],"predecessor-version":[{"id":202,"href":"https:\/\/citadellederoq.fr\/index.php\/wp-json\/wp\/v2\/pages\/201\/revisions\/202"}],"wp:attachment":[{"href":"https:\/\/citadellederoq.fr\/index.php\/wp-json\/wp\/v2\/media?parent=201"}],"curies":[{"name":"wp","href":"https:\/\/api.w.org\/{rel}","templated":true}]}}