{"id":206,"date":"2024-02-19T21:50:55","date_gmt":"2024-02-19T21:50:55","guid":{"rendered":"http:\/\/192.168.10.58\/cdr\/?page_id=206"},"modified":"2024-02-19T22:04:14","modified_gmt":"2024-02-19T22:04:14","slug":"206-2-presentation-2","status":"publish","type":"page","link":"https:\/\/citadellederoq.fr\/index.php\/206-2-presentation-2\/","title":{"rendered":""},"content":{"rendered":"\n<p>Et comme toujours, solidement ancr\u00e9s dans les Landes, pays du magret, du foie gras et des f\u00e9rias, les amis deviennent tour \u00e0 tour, cuistot, serveur, tavernier, amuseur, troubadour et se retrouvent chaque ann\u00e9e pour tenir la taverne m\u00e9di\u00e9vale qui fait leur r\u00e9putation : \u00ab&nbsp;la Taverne de Roq&nbsp;\u00bb.<\/p>\n\n\n\n<p>Ils font parfois escale dans le Sud-ouest pour r\u00e9galer de leurs mets copieux lors d\u2019animations m\u00e9di\u00e9vales diverses et vari\u00e9es.<\/p>\n","protected":false},"excerpt":{"rendered":"<p>Et comme toujours, solidement ancr\u00e9s dans les Landes, pays du magret, du foie gras et des f\u00e9rias, les amis deviennent tour \u00e0 tour, cuistot, serveur, tavernier, amuseur, troubadour et se retrouvent chaque ann\u00e9e pour tenir la taverne m\u00e9di\u00e9vale qui fait leur r\u00e9putation : \u00ab&nbsp;la Taverne de Roq&nbsp;\u00bb. Ils font parfois escale dans le Sud-ouest pour &hellip; <\/p>\n<p class=\"link-more\"><a href=\"https:\/\/citadellederoq.fr\/index.php\/206-2-presentation-2\/\" class=\"more-link\">Continuer la lecture<span class=\"screen-reader-text\"> de &laquo;&nbsp;&nbsp;&raquo;<\/span><\/a><\/p>\n","protected":false},"author":1,"featured_media":20,"parent":0,"menu_order":0,"comment_status":"closed","ping_status":"closed","template":"","meta":{"footnotes":"","_vp_format_video_url":"","_vp_image_focal_point":[]},"_links":{"self":[{"href":"https:\/\/citadellederoq.fr\/index.php\/wp-json\/wp\/v2\/pages\/206"}],"collection":[{"href":"https:\/\/citadellederoq.fr\/index.php\/wp-json\/wp\/v2\/pages"}],"about":[{"href":"https:\/\/citadellederoq.fr\/index.php\/wp-json\/wp\/v2\/types\/page"}],"author":[{"embeddable":true,"href":"https:\/\/citadellederoq.fr\/index.php\/wp-json\/wp\/v2\/users\/1"}],"replies":[{"embeddable":true,"href":"https:\/\/citadellederoq.fr\/index.php\/wp-json\/wp\/v2\/comments?post=206"}],"version-history":[{"count":1,"href":"https:\/\/citadellederoq.fr\/index.php\/wp-json\/wp\/v2\/pages\/206\/revisions"}],"predecessor-version":[{"id":208,"href":"https:\/\/citadellederoq.fr\/index.php\/wp-json\/wp\/v2\/pages\/206\/revisions\/208"}],"wp:featuredmedia":[{"embeddable":true,"href":"https:\/\/citadellederoq.fr\/index.php\/wp-json\/wp\/v2\/media\/20"}],"wp:attachment":[{"href":"https:\/\/citadellederoq.fr\/index.php\/wp-json\/wp\/v2\/media?parent=206"}],"curies":[{"name":"wp","href":"https:\/\/api.w.org\/{rel}","templated":true}]}}