{"id":209,"date":"2024-02-19T21:52:44","date_gmt":"2024-02-19T21:52:44","guid":{"rendered":"http:\/\/192.168.10.58\/cdr\/?page_id=209"},"modified":"2024-02-19T22:04:24","modified_gmt":"2024-02-19T22:04:24","slug":"209-2","status":"publish","type":"page","link":"https:\/\/citadellederoq.fr\/index.php\/209-2\/","title":{"rendered":""},"content":{"rendered":"\n<p>Si toi aussi tu veux rejoindre cette aventure et \u00e9crire avec nous ton \u00e9pop\u00e9e,\u00a0<a href=\"http:\/\/192.168.10.58\/cdr\/index.php\/contact\/\"><strong>rejoins nous !<\/strong><\/a><\/p>\n","protected":false},"excerpt":{"rendered":"<p>Si toi aussi tu veux rejoindre cette aventure et \u00e9crire avec nous ton \u00e9pop\u00e9e,\u00a0rejoins nous !<\/p>\n","protected":false},"author":1,"featured_media":207,"parent":0,"menu_order":0,"comment_status":"closed","ping_status":"closed","template":"","meta":{"footnotes":"","_vp_format_video_url":"","_vp_image_focal_point":[]},"_links":{"self":[{"href":"https:\/\/citadellederoq.fr\/index.php\/wp-json\/wp\/v2\/pages\/209"}],"collection":[{"href":"https:\/\/citadellederoq.fr\/index.php\/wp-json\/wp\/v2\/pages"}],"about":[{"href":"https:\/\/citadellederoq.fr\/index.php\/wp-json\/wp\/v2\/types\/page"}],"author":[{"embeddable":true,"href":"https:\/\/citadellederoq.fr\/index.php\/wp-json\/wp\/v2\/users\/1"}],"replies":[{"embeddable":true,"href":"https:\/\/citadellederoq.fr\/index.php\/wp-json\/wp\/v2\/comments?post=209"}],"version-history":[{"count":1,"href":"https:\/\/citadellederoq.fr\/index.php\/wp-json\/wp\/v2\/pages\/209\/revisions"}],"predecessor-version":[{"id":210,"href":"https:\/\/citadellederoq.fr\/index.php\/wp-json\/wp\/v2\/pages\/209\/revisions\/210"}],"wp:featuredmedia":[{"embeddable":true,"href":"https:\/\/citadellederoq.fr\/index.php\/wp-json\/wp\/v2\/media\/207"}],"wp:attachment":[{"href":"https:\/\/citadellederoq.fr\/index.php\/wp-json\/wp\/v2\/media?parent=209"}],"curies":[{"name":"wp","href":"https:\/\/api.w.org\/{rel}","templated":true}]}}