{"id":26,"date":"2024-02-10T23:22:35","date_gmt":"2024-02-10T23:22:35","guid":{"rendered":"http:\/\/192.168.10.58\/cdr\/?page_id=26"},"modified":"2025-08-07T15:49:41","modified_gmt":"2025-08-07T15:49:41","slug":"a-propos-de-nous","status":"publish","type":"page","link":"https:\/\/citadellederoq.fr\/index.php\/a-propos-de-nous\/","title":{"rendered":"L&rsquo;association"},"content":{"rendered":"\t\t<div data-elementor-type=\"wp-page\" data-elementor-id=\"26\" class=\"elementor elementor-26\">\n\t\t\t\t<div class=\"elementor-element elementor-element-e587f47 e-flex e-con-boxed e-con e-parent\" data-id=\"e587f47\" data-element_type=\"container\">\n\t\t\t\t\t<div class=\"e-con-inner\">\n\t\t\t\t<div class=\"elementor-element elementor-element-2c8182c elementor-widget__width-inherit elementor-widget elementor-widget-text-editor\" data-id=\"2c8182c\" data-element_type=\"widget\" data-widget_type=\"text-editor.default\">\n\t\t\t\t<div class=\"elementor-widget-container\">\n\t\t\t<style>\/*! elementor - v3.23.0 - 05-08-2024 *\/\n.elementor-widget-text-editor.elementor-drop-cap-view-stacked .elementor-drop-cap{background-color:#69727d;color:#fff}.elementor-widget-text-editor.elementor-drop-cap-view-framed .elementor-drop-cap{color:#69727d;border:3px solid;background-color:transparent}.elementor-widget-text-editor:not(.elementor-drop-cap-view-default) .elementor-drop-cap{margin-top:8px}.elementor-widget-text-editor:not(.elementor-drop-cap-view-default) .elementor-drop-cap-letter{width:1em;height:1em}.elementor-widget-text-editor .elementor-drop-cap{float:left;text-align:center;line-height:1;font-size:50px}.elementor-widget-text-editor .elementor-drop-cap-letter{display:inline-block}<\/style>\t\t\t\t<p>La Citadelle de Roq est une asso situ\u00e9e dans les Landes, qui pratique activement le jeu de r\u00f4le grandeur nature (GN) en tant que joueur et en tant qu&rsquo;organisateur et organise des tavernes m\u00e9di\u00e9vales et autre animations ludiques.<\/p><p><span style=\"font-size: 1rem;\">Nous avons pu obtenir de la mairie de Roquefort un local afin de proposer des parties de jeu de r\u00f4le tout au long de l&rsquo;ann\u00e9e.<\/span><\/p><p><span style=\"font-size: 1rem;\">N&rsquo;h\u00e9sitez pas \u00e0 nous contacter si cela vous int\u00e9resse !<\/span><\/p><p><strong style=\"font-size: 1rem;\">Membres du bureau<\/strong><\/p><p>Pr\u00e9sident : Aur\u00e9lien Delcambre \u00ab\u00a0Ares\u00a0\u00bb<\/p><p>Tr\u00e9sorier : Am\u00e9lie Desclaux<\/p><p>Secr\u00e9taire : Vincent Lebailly<\/p><p>Vice-pr\u00e9sident : Guillaume Bex<\/p><p>Vice-tr\u00e9sorier : Julien D\u00e9lisse \u00ab\u00a0Dargo\u00a0\u00bb<\/p><p>Vice-secr\u00e9taire :\u00a0<span style=\"font-size: 1rem;\">R\u00e9mi Loeillot<\/span><\/p><p><span style=\"text-decoration: underline;\"><strong>Les t\u00e2ches annexes !<\/strong><\/span><\/p><p>Charg\u00e9 de communication : Aur\u00e9lien Delcambre \u00ab\u00a0Ares\u00a0\u00bb<\/p><p>Webmaster : Christophe Le Guernev\u00e9 \u00ab\u00a0Tofle\u00a0\u00bb<\/p><p>Photographe et \u00e9ditrice : V\u00e9ronique Banette<\/p>\t\t\t\t\t\t<\/div>\n\t\t\t\t<\/div>\n\t\t\t\t\t<\/div>\n\t\t\t\t<\/div>\n\t\t\t\t<\/div>\n\t\t","protected":false},"excerpt":{"rendered":"<p>La Citadelle de Roq est une asso situ\u00e9e dans les Landes, qui pratique activement le jeu de r\u00f4le grandeur nature (GN) en tant que joueur et en tant qu&rsquo;organisateur et organise des tavernes m\u00e9di\u00e9vales et autre animations ludiques. Nous avons pu obtenir de la mairie de Roquefort un local afin de proposer des parties de &hellip; <\/p>\n<p class=\"link-more\"><a href=\"https:\/\/citadellederoq.fr\/index.php\/a-propos-de-nous\/\" class=\"more-link\">Continuer la lecture<span class=\"screen-reader-text\"> de &laquo;&nbsp;L&rsquo;association&nbsp;&raquo;<\/span><\/a><\/p>\n","protected":false},"author":1,"featured_media":0,"parent":0,"menu_order":0,"comment_status":"closed","ping_status":"closed","template":"","meta":{"footnotes":"","_vp_format_video_url":"","_vp_image_focal_point":[]},"_links":{"self":[{"href":"https:\/\/citadellederoq.fr\/index.php\/wp-json\/wp\/v2\/pages\/26"}],"collection":[{"href":"https:\/\/citadellederoq.fr\/index.php\/wp-json\/wp\/v2\/pages"}],"about":[{"href":"https:\/\/citadellederoq.fr\/index.php\/wp-json\/wp\/v2\/types\/page"}],"author":[{"embeddable":true,"href":"https:\/\/citadellederoq.fr\/index.php\/wp-json\/wp\/v2\/users\/1"}],"replies":[{"embeddable":true,"href":"https:\/\/citadellederoq.fr\/index.php\/wp-json\/wp\/v2\/comments?post=26"}],"version-history":[{"count":21,"href":"https:\/\/citadellederoq.fr\/index.php\/wp-json\/wp\/v2\/pages\/26\/revisions"}],"predecessor-version":[{"id":2164,"href":"https:\/\/citadellederoq.fr\/index.php\/wp-json\/wp\/v2\/pages\/26\/revisions\/2164"}],"wp:attachment":[{"href":"https:\/\/citadellederoq.fr\/index.php\/wp-json\/wp\/v2\/media?parent=26"}],"curies":[{"name":"wp","href":"https:\/\/api.w.org\/{rel}","templated":true}]}}