{"id":48,"date":"2024-02-10T23:34:28","date_gmt":"2024-02-10T23:34:28","guid":{"rendered":"http:\/\/192.168.10.58\/cdr\/index.php\/portfolio\/"},"modified":"2026-02-05T20:28:23","modified_gmt":"2026-02-05T20:28:23","slug":"mentions-legales","status":"publish","type":"page","link":"https:\/\/citadellederoq.fr\/index.php\/mentions-legales\/","title":{"rendered":"Mentions l\u00e9gales"},"content":{"rendered":"\t\t<div data-elementor-type=\"wp-page\" data-elementor-id=\"48\" class=\"elementor elementor-48\">\n\t\t\t\t<div class=\"elementor-element elementor-element-342b95fd e-flex e-con-boxed e-con e-parent\" data-id=\"342b95fd\" data-element_type=\"container\">\n\t\t\t\t\t<div class=\"e-con-inner\">\n\t\t\t\t<div class=\"elementor-element elementor-element-3b897508 elementor-widget elementor-widget-text-editor\" data-id=\"3b897508\" data-element_type=\"widget\" data-widget_type=\"text-editor.default\">\n\t\t\t\t<div class=\"elementor-widget-container\">\n\t\t\t<style>\/*! elementor - v3.23.0 - 05-08-2024 *\/\n.elementor-widget-text-editor.elementor-drop-cap-view-stacked .elementor-drop-cap{background-color:#69727d;color:#fff}.elementor-widget-text-editor.elementor-drop-cap-view-framed .elementor-drop-cap{color:#69727d;border:3px solid;background-color:transparent}.elementor-widget-text-editor:not(.elementor-drop-cap-view-default) .elementor-drop-cap{margin-top:8px}.elementor-widget-text-editor:not(.elementor-drop-cap-view-default) .elementor-drop-cap-letter{width:1em;height:1em}.elementor-widget-text-editor .elementor-drop-cap{float:left;text-align:center;line-height:1;font-size:50px}.elementor-widget-text-editor .elementor-drop-cap-letter{display:inline-block}<\/style>\t\t\t\t<p><b>D\u00e9nomination <\/b>: LA CITADELLE DE ROQ<\/p><p><span style=\"font-size: 14px; color: var( --e-global-color-text ); text-align: var(--text-align);\"><b>Association <\/b>n\u00b0 W402000965<\/span><\/p><p><span style=\"font-size: 14px; color: var( --e-global-color-text ); text-align: var(--text-align);\"><strong>Cr\u00e9ation<\/strong> : 20\/09\/1997<\/span><\/p><p><span style=\"font-size: 14px; color: var( --e-global-color-text ); text-align: var(--text-align);\"><strong>Activit\u00e9<\/strong> : promouvoir et animer des activit\u00e9s li\u00e9es \u00e0 la culture ludique, fantastique et historique, organisation de \u00ab jeux de r\u00f4les \u00bb, de \u00ab jeux de simulations \u00bb, de \u00ab jeux de r\u00f4les en grandeur nature \u00bb et de \u00ab soir\u00e9es enqu\u00eate \u00bb, organisation d\u2019animations et de spectacles dans des lieux publics et priv\u00e9s, diffusion , par tout moyen, d\u2019informations sensibilisant le public sur ces activit\u00e9s, mettre en place ou participer \u00e0 des manifestations et des spectacles vivants li\u00e9s aux activit\u00e9s suscit\u00e9es, seuls ou en collaboration avec d\u2019autres associations ou organismes.<\/span><\/p><p><span style=\"font-size: 14px; color: var( --e-global-color-text ); text-align: var(--text-align);\"><strong>Si\u00e8ge<\/strong> : 75 AVENUE Gambetta 40120 Roquefort.<\/span><\/p><p><strong style=\"color: var( --e-global-color-text ); font-size: 14px; text-align: var(--text-align);\">H\u00e9bergeur du site<\/strong><span style=\"color: var( --e-global-color-text ); font-size: 14px; text-align: var(--text-align);\"> : OVH, Roubaix, France<\/span><\/p>\t\t\t\t\t\t<\/div>\n\t\t\t\t<\/div>\n\t\t\t\t\t<\/div>\n\t\t\t\t<\/div>\n\t\t\t\t<\/div>\n\t\t","protected":false},"excerpt":{"rendered":"<p>D\u00e9nomination : LA CITADELLE DE ROQ Association n\u00b0 W402000965 Cr\u00e9ation : 20\/09\/1997 Activit\u00e9 : promouvoir et animer des activit\u00e9s li\u00e9es \u00e0 la culture ludique, fantastique et historique, organisation de \u00ab jeux de r\u00f4les \u00bb, de \u00ab jeux de simulations \u00bb, de \u00ab jeux de r\u00f4les en grandeur nature \u00bb et de \u00ab soir\u00e9es enqu\u00eate \u00bb, &hellip; <\/p>\n<p class=\"link-more\"><a href=\"https:\/\/citadellederoq.fr\/index.php\/mentions-legales\/\" class=\"more-link\">Continuer la lecture<span class=\"screen-reader-text\"> de &laquo;&nbsp;Mentions l\u00e9gales&nbsp;&raquo;<\/span><\/a><\/p>\n","protected":false},"author":1,"featured_media":0,"parent":0,"menu_order":0,"comment_status":"closed","ping_status":"closed","template":"","meta":{"footnotes":"","_vp_format_video_url":"","_vp_image_focal_point":[]},"_links":{"self":[{"href":"https:\/\/citadellederoq.fr\/index.php\/wp-json\/wp\/v2\/pages\/48"}],"collection":[{"href":"https:\/\/citadellederoq.fr\/index.php\/wp-json\/wp\/v2\/pages"}],"about":[{"href":"https:\/\/citadellederoq.fr\/index.php\/wp-json\/wp\/v2\/types\/page"}],"author":[{"embeddable":true,"href":"https:\/\/citadellederoq.fr\/index.php\/wp-json\/wp\/v2\/users\/1"}],"replies":[{"embeddable":true,"href":"https:\/\/citadellederoq.fr\/index.php\/wp-json\/wp\/v2\/comments?post=48"}],"version-history":[{"count":14,"href":"https:\/\/citadellederoq.fr\/index.php\/wp-json\/wp\/v2\/pages\/48\/revisions"}],"predecessor-version":[{"id":2170,"href":"https:\/\/citadellederoq.fr\/index.php\/wp-json\/wp\/v2\/pages\/48\/revisions\/2170"}],"wp:attachment":[{"href":"https:\/\/citadellederoq.fr\/index.php\/wp-json\/wp\/v2\/media?parent=48"}],"curies":[{"name":"wp","href":"https:\/\/api.w.org\/{rel}","templated":true}]}}