{"id":71,"date":"2024-02-13T22:04:04","date_gmt":"2024-02-13T22:04:04","guid":{"rendered":"http:\/\/192.168.10.58\/cdr\/?page_id=71"},"modified":"2026-03-15T16:10:18","modified_gmt":"2026-03-15T16:10:18","slug":"contact","status":"publish","type":"page","link":"https:\/\/citadellederoq.fr\/index.php\/contact\/","title":{"rendered":"Contact"},"content":{"rendered":"\n<p>Vous voulez en savoir plus sur nous, nos activit\u00e9s ? Vous auriez besoin de nos services pour une animation ou de la restauration \u00e0 th\u00e8me ?<\/p>\n\n\n\n<p>A moins que vous ne souhaitiez tout simplement nous rejoindre ?<\/p>\n\n\n\n<p>N&rsquo;h\u00e9sitez plus, \u00e9crivez nous sur notre page <a href=\"https:\/\/www.facebook.com\/gncdr\">Facebook<\/a>!<\/p>\n","protected":false},"excerpt":{"rendered":"<p>Vous voulez en savoir plus sur nous, nos activit\u00e9s ? Vous auriez besoin de nos services pour une animation ou de la restauration \u00e0 th\u00e8me ? A moins que vous ne souhaitiez tout simplement nous rejoindre ? N&rsquo;h\u00e9sitez plus, \u00e9crivez nous sur notre page Facebook!<\/p>\n","protected":false},"author":1,"featured_media":0,"parent":0,"menu_order":0,"comment_status":"closed","ping_status":"closed","template":"","meta":{"footnotes":"","_vp_format_video_url":"","_vp_image_focal_point":[]},"_links":{"self":[{"href":"https:\/\/citadellederoq.fr\/index.php\/wp-json\/wp\/v2\/pages\/71"}],"collection":[{"href":"https:\/\/citadellederoq.fr\/index.php\/wp-json\/wp\/v2\/pages"}],"about":[{"href":"https:\/\/citadellederoq.fr\/index.php\/wp-json\/wp\/v2\/types\/page"}],"author":[{"embeddable":true,"href":"https:\/\/citadellederoq.fr\/index.php\/wp-json\/wp\/v2\/users\/1"}],"replies":[{"embeddable":true,"href":"https:\/\/citadellederoq.fr\/index.php\/wp-json\/wp\/v2\/comments?post=71"}],"version-history":[{"count":4,"href":"https:\/\/citadellederoq.fr\/index.php\/wp-json\/wp\/v2\/pages\/71\/revisions"}],"predecessor-version":[{"id":2395,"href":"https:\/\/citadellederoq.fr\/index.php\/wp-json\/wp\/v2\/pages\/71\/revisions\/2395"}],"wp:attachment":[{"href":"https:\/\/citadellederoq.fr\/index.php\/wp-json\/wp\/v2\/media?parent=71"}],"curies":[{"name":"wp","href":"https:\/\/api.w.org\/{rel}","templated":true}]}}