{"id":81,"date":"2024-02-13T22:15:01","date_gmt":"2024-02-13T22:15:01","guid":{"rendered":"http:\/\/192.168.10.58\/cdr\/?page_id=81"},"modified":"2024-02-19T22:08:07","modified_gmt":"2024-02-19T22:08:07","slug":"notre-histoire","status":"publish","type":"page","link":"https:\/\/citadellederoq.fr\/index.php\/notre-histoire\/","title":{"rendered":"Notre histoire"},"content":{"rendered":"\t\t<div data-elementor-type=\"wp-page\" data-elementor-id=\"81\" class=\"elementor elementor-81\">\n\t\t\t\t<div class=\"elementor-element elementor-element-24e28517 e-flex e-con-boxed e-con e-parent\" data-id=\"24e28517\" data-element_type=\"container\">\n\t\t\t\t\t<div class=\"e-con-inner\">\n\t\t\t\t<div class=\"elementor-element elementor-element-106f2b95 elementor-widget elementor-widget-text-editor\" data-id=\"106f2b95\" data-element_type=\"widget\" data-widget_type=\"text-editor.default\">\n\t\t\t\t<div class=\"elementor-widget-container\">\n\t\t\t<style>\/*! elementor - v3.23.0 - 05-08-2024 *\/\n.elementor-widget-text-editor.elementor-drop-cap-view-stacked .elementor-drop-cap{background-color:#69727d;color:#fff}.elementor-widget-text-editor.elementor-drop-cap-view-framed .elementor-drop-cap{color:#69727d;border:3px solid;background-color:transparent}.elementor-widget-text-editor:not(.elementor-drop-cap-view-default) .elementor-drop-cap{margin-top:8px}.elementor-widget-text-editor:not(.elementor-drop-cap-view-default) .elementor-drop-cap-letter{width:1em;height:1em}.elementor-widget-text-editor .elementor-drop-cap{float:left;text-align:center;line-height:1;font-size:50px}.elementor-widget-text-editor .elementor-drop-cap-letter{display:inline-block}<\/style>\t\t\t\t<p><!-- wp:paragraph --><\/p>\n<p>Tout a commenc\u00e9 en 1997 par un groupe d&rsquo;amis habitant Roquefort qui avait la solide intention de faire du jeu de r\u00f4le leur principale activit\u00e9.<\/p>\n<p><!-- \/wp:paragraph --><\/p>\n<p><!-- wp:paragraph --><\/p>\n<p>Et puis \u00e7a a d\u00e9rap\u00e9 !<\/p>\n<p><!-- \/wp:paragraph --><\/p>\n<p><!-- wp:paragraph --><\/p>\n<p>Ils ont d\u00e9couvert le GN, particip\u00e9 aux f\u00eates patronnales de Roquefort, aux journ\u00e9es du patrimoine<\/p>\n<p><!-- \/wp:paragraph --><\/p>\n<p><!-- wp:paragraph --><\/p>\n<p>La Citadelle de Roq est une association reconnue par le minist\u00e8re de la jeunesse et des sports depuis&#8230;<\/p>\n<p><!-- \/wp:paragraph --><\/p>\n<p><!-- wp:paragraph --><\/p>\n<p>Aujourd&rsquo;hui nous sommes un peu plus d&rsquo;une trentaine de membres actifs, majoritairement de Mont de Marsan et alentours.<\/p>\n<p><!-- \/wp:paragraph --><\/p>\n<p><!-- wp:paragraph --><\/p>\n<p>Tous les ans nous organisons des \u00e9v\u00e8nements tels que :<\/p>\n<p><!-- \/wp:paragraph --><\/p>\n<p><!-- wp:list --><\/p>\n<ul>\n<li style=\"list-style-type: none;\">\n<ul><!-- wp:list-item --><\/ul>\n<\/li>\n<\/ul>\n<p>\u00a0<\/p>\n<ul>\n<li style=\"list-style-type: none;\">\n<ul>\n<li>des tavernes m\u00e9di\u00e9vales \u00e0 Roquefort et autres manifestations m\u00e9di\u00e9vales ou fantastiques<\/li>\n<\/ul>\n<\/li>\n<\/ul>\n<p><!-- \/wp:list-item --><\/p>\n<p><!-- wp:list-item --><\/p>\n<ul>\n<li style=\"list-style-type: none;\">\n<ul>\n<li>des soir\u00e9es enqu\u00eate \u00ab\u00a0murder\u00a0\u00bb<\/li>\n<\/ul>\n<\/li>\n<\/ul>\n<p><!-- \/wp:list-item --><\/p>\n<p><!-- \/wp:list --><\/p>\n<p><!-- wp:paragraph --><\/p>\n<p>Et quand on se retrousse les manches et on organise un GN !<\/p>\n<p><!-- \/wp:paragraph --><\/p>\t\t\t\t\t\t<\/div>\n\t\t\t\t<\/div>\n\t\t\t\t\t<\/div>\n\t\t\t\t<\/div>\n\t\t\t\t<\/div>\n\t\t","protected":false},"excerpt":{"rendered":"<p>Tout a commenc\u00e9 en 1997 par un groupe d&rsquo;amis habitant Roquefort qui avait la solide intention de faire du jeu de r\u00f4le leur principale activit\u00e9. Et puis \u00e7a a d\u00e9rap\u00e9 ! Ils ont d\u00e9couvert le GN, particip\u00e9 aux f\u00eates patronnales de Roquefort, aux journ\u00e9es du patrimoine La Citadelle de Roq est une association reconnue par &hellip; <\/p>\n<p class=\"link-more\"><a href=\"https:\/\/citadellederoq.fr\/index.php\/notre-histoire\/\" class=\"more-link\">Continuer la lecture<span class=\"screen-reader-text\"> de &laquo;&nbsp;Notre histoire&nbsp;&raquo;<\/span><\/a><\/p>\n","protected":false},"author":1,"featured_media":0,"parent":0,"menu_order":0,"comment_status":"closed","ping_status":"closed","template":"","meta":{"footnotes":"","_vp_format_video_url":"","_vp_image_focal_point":[]},"_links":{"self":[{"href":"https:\/\/citadellederoq.fr\/index.php\/wp-json\/wp\/v2\/pages\/81"}],"collection":[{"href":"https:\/\/citadellederoq.fr\/index.php\/wp-json\/wp\/v2\/pages"}],"about":[{"href":"https:\/\/citadellederoq.fr\/index.php\/wp-json\/wp\/v2\/types\/page"}],"author":[{"embeddable":true,"href":"https:\/\/citadellederoq.fr\/index.php\/wp-json\/wp\/v2\/users\/1"}],"replies":[{"embeddable":true,"href":"https:\/\/citadellederoq.fr\/index.php\/wp-json\/wp\/v2\/comments?post=81"}],"version-history":[{"count":11,"href":"https:\/\/citadellederoq.fr\/index.php\/wp-json\/wp\/v2\/pages\/81\/revisions"}],"predecessor-version":[{"id":181,"href":"https:\/\/citadellederoq.fr\/index.php\/wp-json\/wp\/v2\/pages\/81\/revisions\/181"}],"wp:attachment":[{"href":"https:\/\/citadellederoq.fr\/index.php\/wp-json\/wp\/v2\/media?parent=81"}],"curies":[{"name":"wp","href":"https:\/\/api.w.org\/{rel}","templated":true}]}}