{"id":83,"date":"2024-02-13T22:17:24","date_gmt":"2024-02-13T22:17:24","guid":{"rendered":"http:\/\/192.168.10.58\/cdr\/?page_id=83"},"modified":"2024-02-19T22:10:43","modified_gmt":"2024-02-19T22:10:43","slug":"statuts-de-lassociation","status":"publish","type":"page","link":"https:\/\/citadellederoq.fr\/index.php\/statuts-de-lassociation\/","title":{"rendered":"Statuts de l&rsquo;association"},"content":{"rendered":"\n<p><strong>Statuts de l\u2019association \u00ab\u00a0la Citadelle de Roq\u00a0\u00bb<\/strong> <strong>d\u00e9clar\u00e9e sous le r\u00e9gime de la loi du 1<sup>er<\/sup> juillet 1901<\/strong> <strong>et le d\u00e9cret du 16 ao\u00fbt 1901<\/strong><\/p>\n\n\n\n<p><strong>Article 1&nbsp;:<\/strong> Il est fond\u00e9 entre les adh\u00e9rents aux pr\u00e9sents statuts une association r\u00e9gie par la loi du 1<sup>er<\/sup> juillet 1901 et le d\u00e9cret du 16 ao\u00fbt 1901 ayant pour titre&nbsp;:<\/p>\n\n\n\n<p>\u00ab&nbsp; <strong>LA CITADELLE DE ROQ<\/strong>&nbsp;\u00bb.<\/p>\n\n\n\n<p>Sa dur\u00e9e est illimit\u00e9e.<\/p>\n\n\n\n<p>L&rsquo;association d\u00e9nomm\u00e9e <strong>LA CITADELLE DE ROQ<\/strong>&nbsp;sera ci-apr\u00e8s identifi\u00e9e dans le pr\u00e9sent document par : \u00ab l&rsquo;association \u00bb.&nbsp;<\/p>\n\n\n\n<p><strong>Article 2&nbsp;:<\/strong> L&rsquo;association, aux caract\u00e8res \u00e9ducatifs et culturels, se donne pour objet de promouvoir et d\u2019animer&nbsp; des activit\u00e9s li\u00e9es \u00e0 la culture ludique, fantastique et historique.&nbsp;<\/p>\n\n\n\n<p>A ce titre, l&rsquo;activit\u00e9 de l&rsquo;association s&rsquo;exercera notamment au travers de :&nbsp;<\/p>\n\n\n\n<ul>\n<li>L\u2019organisation de \u00ab jeux de r\u00f4les \u00bb, de \u00ab&nbsp;jeux de simulations&nbsp;\u00bb, de \u00ab jeux de r\u00f4les en grandeur nature \u00bb et de \u00ab soir\u00e9es enqu\u00eate \u00bb.&nbsp;&nbsp;<\/li>\n\n\n\n<li>L\u2019organisation d&rsquo;animations et de spectacles dans des lieux publics et priv\u00e9.<\/li>\n\n\n\n<li>La diffusion, par tout moyen, d&rsquo;informations sensibilisant le public sur ces activit\u00e9s.<\/li>\n<\/ul>\n\n\n\n<p>De plus, l\u2019association ainsi que ses membres peuvent \u00eatre amen\u00e9s \u00e0 mettre en place ou \u00e0 participer \u00e0 des manifestations et des spectacles vivants li\u00e9s aux activit\u00e9s suscit\u00e9es, seuls ou en collaboration avec d\u2019autres associations ou organismes.<\/p>\n\n\n\n<p><strong>Article 3&nbsp;:<\/strong> L&rsquo;association fixe son si\u00e8ge social \u00e0 l&rsquo;adresse suivante :&nbsp;<\/p>\n\n\n\n<p>Association La Citadelle de Roq<\/p>\n\n\n\n<p>75 Avenue Gambetta<\/p>\n\n\n\n<p>40120 ROQUEFORT<\/p>\n\n\n\n<p><strong>Article 4&nbsp;:<\/strong>&nbsp; <strong>\u00ab&nbsp;Admission&nbsp;\u00bb<\/strong><\/p>\n\n\n\n<p>L&rsquo;association est compos\u00e9e de personnes physiques adh\u00e9rentes aux pr\u00e9sents statuts. Les membres s&rsquo;engagent \u00e0 respecter les pr\u00e9sents statuts et le r\u00e8glement int\u00e9rieur de l&rsquo;association. Les statuts et r\u00e8glements sont consultables aupr\u00e8s du secr\u00e9tariat de l&rsquo;association.&nbsp;<\/p>\n\n\n\n<p>Le statut de membre s&rsquo;acquiert par adh\u00e9sion aux pr\u00e9sents statuts. L&rsquo;adh\u00e9sion s&rsquo;effectue au moyen d&rsquo;une demande adress\u00e9e \u00e0 l\u2019un des membres du Bureau accompagn\u00e9e du paiement de la cotisation annuelle. Il faut avoir 13 ans r\u00e9volus ainsi que l\u2019autorisation parentale pour les mineurs lors de l\u2019adh\u00e9sion.&nbsp;<\/p>\n\n\n\n<p>Le statut de membre adh\u00e9rent se renouvelle une fois l&rsquo;an, au cours de l&rsquo;Assembl\u00e9e G\u00e9n\u00e9rale Annuelle par paiement de la cotisation annuelle.<\/p>\n\n\n\n<p>L&rsquo;admission des nouveaux membres comme le renouvellement d&rsquo;adh\u00e9sion est attest\u00e9e par la remise d&rsquo;un r\u00e9c\u00e9piss\u00e9 de r\u00e8glement des cotisations.<\/p>\n\n\n\n<p><strong>Article 5&nbsp;:<\/strong><strong> <\/strong><strong>\u00ab&nbsp;Membres et Cotisations&nbsp;\u00bb<\/strong><\/p>\n\n\n\n<p>L\u2019association se compose de membres actifs, de membres d\u2019honneurs et de membres bienfaiteurs&nbsp;:<\/p>\n\n\n\n<ul>\n<li>Les membres actifs sont les personnes qui ont pris l\u2019engagement de verser annuellement la cotisation fix\u00e9e par l\u2019Assembl\u00e9e G\u00e9n\u00e9rale Annuelle. Toute cotisation r\u00e9gl\u00e9e \u00e0 l\u2019association n\u2019est pas r\u00e9cup\u00e9rable.<\/li>\n\n\n\n<li>Les membres d&rsquo;honneurs sont les membres actifs de l&rsquo;association ayant cinq ann\u00e9es ou plus d\u2019anciennet\u00e9 dans l\u2019association, cons\u00e9cutives ou non. Le statut de membre d\u2019honneur s\u2019acquiert automatiquement lors de l\u2019Assembl\u00e9e G\u00e9n\u00e9rale Annuelle. Ce statut ne peut \u00eatre ni refus\u00e9, ni r\u00e9voqu\u00e9.<\/li>\n\n\n\n<li>Les membres bienfaiteurs sont les personnes ayant r\u00e9alis\u00e9, au profit de l&rsquo;association, des dons manuels ou des dons en nature d&rsquo;une valeur sup\u00e9rieure \u00e0 200 \u20ac.&nbsp;<\/li>\n<\/ul>\n\n\n\n<p>L\u2019association respecte la libert\u00e9 de conscience en son sein.<\/p>\n\n\n\n<p>Le montant de la cotisation annuelle est fix\u00e9 par l&rsquo;Assembl\u00e9e G\u00e9n\u00e9rale Annuelle, sur proposition du Bureau.&nbsp;&nbsp;&nbsp;&nbsp;&nbsp;&nbsp;&nbsp;&nbsp;&nbsp;&nbsp;&nbsp;&nbsp;&nbsp;&nbsp;&nbsp;&nbsp;&nbsp;&nbsp;&nbsp;&nbsp;&nbsp;&nbsp;&nbsp;&nbsp;&nbsp;<\/p>\n\n\n\n<p>Par exception, sont dispens\u00e9s du paiement de cotisation annuelle les membres bienfaiteurs. Cette qualit\u00e9 est accord\u00e9e souverainement par le Bureau au moyen d&rsquo;une d\u00e9cision motiv\u00e9e. A ce titre, le Bureau re\u00e7oit les demandes relatives \u00e0 l&rsquo;attribution de cette qualit\u00e9. Elle est attribu\u00e9e de mani\u00e8re d\u00e9finitive jusqu\u2019\u00e0 avis contraire du Bureau.<\/p>\n\n\n\n<p><strong>Article 6&nbsp;:<\/strong><strong> <\/strong><strong>\u00ab&nbsp;Radiation des membres&nbsp;\u00bb<\/strong><\/p>\n\n\n\n<p>La radiation d&rsquo;un membre s&rsquo;op\u00e8re par d\u00e9cision motiv\u00e9e, prononc\u00e9e par le Bureau.&nbsp;<\/p>\n\n\n\n<p>Cette d\u00e9cision concerne les seules personnes, membres de l&rsquo;association, explicitement vis\u00e9es dans l&rsquo;acte. En cas de radiation, les cotisations pr\u00e9c\u00e9demment acquitt\u00e9es demeurent acquises par l&rsquo;association.&nbsp;<\/p>\n\n\n\n<p>Les motifs de radiation d\u2019un membre sont les suivants :&nbsp;<\/p>\n\n\n\n<ul>\n<li>non paiement de cotisation annuelle,<\/li>\n\n\n\n<li>d\u00e9c\u00e8s,<\/li>\n\n\n\n<li>d\u00e9mission,<\/li>\n\n\n\n<li>motif grave.<\/li>\n<\/ul>\n\n\n\n<p><strong>Article 6 &#8211; Premi\u00e8rement&nbsp;:<\/strong><strong> <\/strong><strong><\/strong><strong> <\/strong><strong>\u00ab&nbsp;Radiation pour non paiement de cotisation annuelle&nbsp;\u00bb&nbsp;<\/strong><\/p>\n\n\n\n<p>Le non paiement de la cotisation annuelle au cours de l\u2019Assembl\u00e9e G\u00e9n\u00e9rale Annuelle, entra\u00eene la radiation automatique.&nbsp;<\/p>\n\n\n\n<p><strong>Article 6 &#8211; Deuxi\u00e8mement&nbsp;:<\/strong><strong> <\/strong><strong><\/strong><strong> <\/strong><strong>\u00ab&nbsp;Radiation pour d\u00e9c\u00e8s&nbsp;\u00bb<\/strong><\/p>\n\n\n\n<p>Le d\u00e9c\u00e8s d&rsquo;un membre de l&rsquo;association entra\u00eene sa radiation. Celle-ci intervient au jour de la prise de connaissance par le Bureau de cette circonstance.&nbsp;<\/p>\n\n\n\n<p><strong>Article 6 &#8211; Troisi\u00e8mement&nbsp;:<\/strong><strong> <\/strong><strong><\/strong><strong>\u00ab&nbsp;Radiation pour d\u00e9mission&nbsp;\u00bb<\/strong><\/p>\n\n\n\n<p>La d\u00e9mission est un acte volontaire et non ambigu d&rsquo;un membre de l&rsquo;association portant renoncement \u00e0 son adh\u00e9sion aux pr\u00e9sents statuts. La radiation par d\u00e9mission prend effet au jour de la prise de connaissance par le Bureau de l&rsquo;acte d\u00e9missionnaire.&nbsp;<\/p>\n\n\n\n<p>La d\u00e9mission se fait par \u00e9crit, non \u00e9quivoque, d&rsquo;un membre de l&rsquo;association exprimant sa volont\u00e9 de ne plus demeurer associ\u00e9 aux pr\u00e9sents statuts. Sont seuls recevables les actes \u00e9manant du membre d\u00e9missionnaire lui-m\u00eame.<\/p>\n\n\n\n<p><strong>Article 6 &#8211; Quatri\u00e8mement&nbsp;:<\/strong><strong> <\/strong><strong><\/strong><strong>\u00ab&nbsp;Radiation pour motif grave&nbsp;\u00bb<\/strong><\/p>\n\n\n\n<p>La proc\u00e9dure de radiation pour motif grave est une mesure d&rsquo;ordre disciplinaire, interne \u00e0 l&rsquo;association. Cette proc\u00e9dure est \u00e9crite et contradictoire, l\u2019int\u00e9ress\u00e9 ayant \u00e9t\u00e9 invit\u00e9, par lettre recommand\u00e9e, \u00e0 se pr\u00e9senter devant le Bureau afin de fournir des explications.<\/p>\n\n\n\n<p>Sont recevables comme motif grave les circonstances limitativement \u00e9num\u00e9r\u00e9es ci-apr\u00e8s :&nbsp;<\/p>\n\n\n\n<ul>\n<li>non respect des pr\u00e9sents statuts et du r\u00e8glement int\u00e9rieur de l\u2019association,<\/li>\n\n\n\n<li>actes, paroles ou \u00e9crits portant pr\u00e9judice moral ou mat\u00e9riel \u00e0 l&rsquo;association.<\/li>\n<\/ul>\n\n\n\n<p><strong>Article 7&nbsp;:<\/strong> <strong><\/strong><strong>\u00ab&nbsp;Les ressources de l\u2019Association&nbsp;\u00bb<\/strong><\/p>\n\n\n\n<p>Les ressources de l\u2019association sont constitu\u00e9es par&nbsp;:<\/p>\n\n\n\n<ul>\n<li>les cotisations de ses membres,<\/li>\n\n\n\n<li>les subventions de l\u2019Europe, de l\u2019Etat, de la R\u00e9gion, du D\u00e9partement, de la Commune ou de toute autre collectivit\u00e9 territoriale,<\/li>\n\n\n\n<li>les dons manuels,<\/li>\n\n\n\n<li>les frais de participation aux prestations organis\u00e9es par l&rsquo;association,<\/li>\n\n\n\n<li>les emprunts et revenus financiers,<\/li>\n\n\n\n<li>les recettes d\u2019activit\u00e9s,<\/li>\n\n\n\n<li>les remboursements de services,<\/li>\n\n\n\n<li>toutes autres ressources autoris\u00e9es par la loi.<\/li>\n<\/ul>\n\n\n\n<p><strong>Article 8&nbsp;:<\/strong><strong> <\/strong><strong>\u00ab&nbsp;Le Bureau&nbsp;\u00bb<\/strong><\/p>\n\n\n\n<p>L\u2019association est dirig\u00e9e par un Bureau de 3 membres majeurs \u00e9lus chaque ann\u00e9e poste par poste, compos\u00e9&nbsp;:<\/p>\n\n\n\n<ul>\n<li>d\u2019un Pr\u00e9sident,&nbsp;<\/li>\n\n\n\n<li>d\u2019un Secr\u00e9taire, qui tient les registres des modifications statutaires et du r\u00e8glement int\u00e9rieur, et se charge de la communication interne et externe de l\u2019association,<\/li>\n\n\n\n<li>&nbsp;et d\u2019un Tr\u00e9sorier, qui tient la comptabilit\u00e9 de l\u2019association et poss\u00e8de ainsi un droit de v\u00e9to inali\u00e9nable quant aux d\u00e9penses de l\u2019association.<\/li>\n<\/ul>\n\n\n\n<p>Ce Bureau pourra \u00e9ventuellement \u00eatre compl\u00e9t\u00e9 par un Vice-pr\u00e9sident, un Vice-tr\u00e9sorier et\/ou un Vice-secr\u00e9taire Adjoint \u00e2g\u00e9s de 16 ans minimum,&nbsp; \u00e9lus chaque ann\u00e9e poste par poste.<\/p>\n\n\n\n<p>L\u2019association veille \u00e0 favoriser un \u00e9gal acc\u00e8s aux instances dirigeantes aux femmes comme aux hommes.<\/p>\n\n\n\n<p>Le Pr\u00e9sident, le Secr\u00e9taire et le Tr\u00e9sorier sont enti\u00e8rement habilit\u00e9s \u00e0 repr\u00e9senter l\u2019association en justice et dans les actes de la vie civile.<\/p>\n\n\n\n<p>Les membres du Bureau sont r\u00e9\u00e9ligibles ind\u00e9finiment et ont seuls voix d\u00e9lib\u00e9ratives aux r\u00e9unions du Bureau.<\/p>\n\n\n\n<p>Les candidatures au Bureau sont adress\u00e9es au Pr\u00e9sident en exercice, au plus tard au jour de l&rsquo;Assembl\u00e9e G\u00e9n\u00e9rale avant la tenue de tout vote portant renouvellement des membres du Bureau.&nbsp;<\/p>\n\n\n\n<p>La radiation ou la d\u00e9mission d&rsquo;un membre du Bureau provoque la vacance du poste au Bureau. Dans ce cas, l&rsquo;Assembl\u00e9e G\u00e9n\u00e9rale est convoqu\u00e9e pour proc\u00e9der \u00e0 l&rsquo;\u00e9lection d&rsquo;un nouveau membre au Bureau.&nbsp;<\/p>\n\n\n\n<p>En cas de modification de la composition du Bureau de l\u2019association, il appartient \u00e0 celui-ci de faire conna\u00eetre sous trois mois \u00e0 la pr\u00e9fecture les modifications intervenues.&nbsp;<\/p>\n\n\n\n<p><strong>Article 9&nbsp;:<\/strong> <strong><\/strong><strong>\u00ab&nbsp;Comp\u00e9tences du Bureau&nbsp;\u00bb<\/strong><\/p>\n\n\n\n<p>Le Bureau se r\u00e9unit au moins 3 fois l\u2019an et chaque fois qu\u2019il est convoqu\u00e9 par le Pr\u00e9sident, ou sur la demande d\u2019un tiers de ses membres.<\/p>\n\n\n\n<p>Le Bureau est investi des pouvoirs les plus \u00e9tendus pour administrer l&rsquo;association, sous r\u00e9serve des droits attribu\u00e9s \u00e0 l&rsquo;Assembl\u00e9e G\u00e9n\u00e9rale. A ce titre il r\u00e9git notamment le budget, d\u00e9termine l&#8217;emploi des fonds et assure le fonctionnement r\u00e9gulier de l&rsquo;association, pour assurer la r\u00e9alisation des objectifs qu\u2019elle poursuit.<\/p>\n\n\n\n<p>Le Bureau d\u00e9lib\u00e8re valablement sous la condition de pr\u00e9sence de la moiti\u00e9 de ses membres. Les d\u00e9cisions sont prises \u00e0 la majorit\u00e9 des suffrages exprim\u00e9s. Les procurations de toutes natures sont nulles d&rsquo;effet. En cas d&rsquo;\u00e9galit\u00e9, la voix du pr\u00e9sident est pr\u00e9pond\u00e9rante. Il est dress\u00e9 proc\u00e8s verbal des r\u00e9unions du Bureau.<\/p>\n\n\n\n<p>Tout membre du Bureau qui, sans excuse, n\u2019aura pas assist\u00e9 \u00e0 trois r\u00e9unions cons\u00e9cutives sera consid\u00e9r\u00e9 comme d\u00e9missionnaire.<\/p>\n\n\n\n<p>De m\u00eame, tout membre du Bureau qui, par son absence, entra\u00eenera un blocage du fonctionnement de l\u2019association durant plus d\u2019un mois sera consid\u00e9r\u00e9 d\u00e9missionnaire, sous r\u00e9serv\u00e9 qu\u2019il en ait \u00e9t\u00e9 notifi\u00e9.<\/p>\n\n\n\n<p><strong>Article 10&nbsp;:<\/strong> <strong>\u00ab&nbsp;L\u2019Assembl\u00e9e G\u00e9n\u00e9rale \u00bb<\/strong><\/p>\n\n\n\n<p>L&rsquo;Assembl\u00e9e G\u00e9n\u00e9rale est compos\u00e9e des membres adh\u00e9rents aux pr\u00e9sents statuts. Les personnes non membre de l&rsquo;association peuvent assister aux Assembl\u00e9es sans y participer.&nbsp;<\/p>\n\n\n\n<p>L&rsquo;Assembl\u00e9e g\u00e9n\u00e9rale est convoqu\u00e9e par le Bureau. Statutairement, une fois par an, une Assembl\u00e9e G\u00e9n\u00e9rale Annuelle est convoqu\u00e9e. Outre cette circonstance, il peut \u00eatre proc\u00e9d\u00e9 \u00e0 la convocation de l&rsquo;assembl\u00e9e g\u00e9n\u00e9rale sur requ\u00eate du 2\/3 (deux tiers) des membres de l&rsquo;association ou \u00e0 l&rsquo;initiative du Bureau.<\/p>\n\n\n\n<p>L\u2019Assembl\u00e9e G\u00e9n\u00e9rale Annuelle est convoqu\u00e9e une fois l\u2019an afin de cl\u00f4turer l\u2019ann\u00e9e d\u2019exercice du Bureau. L\u2019ann\u00e9e d\u2019exercice correspond \u00e0 une ann\u00e9e civile. A cette fin le Bureau rend public le rapport moral et financier de l\u2019association pour l\u2019exercice \u00e9coul\u00e9.<\/p>\n\n\n\n<p>Par suite l\u2019Assembl\u00e9e G\u00e9n\u00e9rale proc\u00e8de au vote du budget de l\u2019exercice clos, aux d\u00e9lib\u00e9rations figurant \u00e0 l\u2019ordre du jour et au renouvellement du Bureau.<\/p>\n\n\n\n<p><strong>Article 10&nbsp;\u2013 Premi\u00e8rement :<\/strong> <strong>\u00ab&nbsp;Convocation&nbsp;\u00bb<\/strong><\/p>\n\n\n\n<p>A la diligence du secr\u00e9taire de l&rsquo;association, les convocations sont transmises aux membres de l&rsquo;association, au plus tard, deux semaines avant la r\u00e9union de l\u2019Assembl\u00e9e G\u00e9n\u00e9rale.<\/p>\n\n\n\n<p>La convocation devra \u00eatre \u00e9crite et transmise par voie postale et\/ou en utilisant les moyens moderne de communication (t\u00e9l\u00e9phone, SMS, forum, mailing list\u2026) de mani\u00e8re \u00e0 s\u2019assurer la plus large diffusion possible.<\/p>\n\n\n\n<p>La convocation pr\u00e9cise le lieu et la date de la r\u00e9union ainsi que l&rsquo;ordre du jour provisoire.&nbsp;<\/p>\n\n\n\n<p>A d\u00e9faut, la convocation de l&rsquo;Assembl\u00e9e G\u00e9n\u00e9rale est nulle d&rsquo;effet. Dans cette circonstance il sera proc\u00e9d\u00e9 \u00e0 une nouvelle convocation.<\/p>\n\n\n\n<p><strong>Article 10&nbsp;\u2013 Deuxi\u00e8mement :<\/strong> <strong>\u00ab&nbsp;Ordre du jour&nbsp;\u00bb<\/strong><\/p>\n\n\n\n<p>L&rsquo;ordre du jour provisoire est fix\u00e9 par le Bureau et re\u00e7oit les propositions d&rsquo;avenants \u00e0 l&rsquo;ordre du jour des membres de l&rsquo;association. Les propositions doivent \u00eatre transmises par \u00e9crit.<\/p>\n\n\n\n<p>Le refus d&rsquo;insertion fait l&rsquo;objet d&rsquo;une d\u00e9cision motiv\u00e9e du Bureau.<\/p>\n\n\n\n<p>L&rsquo;ordre du jour devient d\u00e9finitif apr\u00e8s lecture de celui-ci par le pr\u00e9sident de l&rsquo;association au d\u00e9but de l&rsquo;Assembl\u00e9e G\u00e9n\u00e9rale.<\/p>\n\n\n\n<p>Ne devront \u00eatre trait\u00e9es que les questions soumises \u00e0 l\u2019ordre du jour.<\/p>\n\n\n\n<p><strong>Article 10&nbsp;\u2013 Troisi\u00e8mement :<\/strong> <strong>\u00ab&nbsp;Tenue des d\u00e9bats&nbsp;\u00bb<\/strong><\/p>\n\n\n\n<p>L&rsquo;Assembl\u00e9e G\u00e9n\u00e9rale est pr\u00e9sid\u00e9e par le Bureau de l\u2019association.&nbsp;<\/p>\n\n\n\n<p>Le Pr\u00e9sident proc\u00e8de \u00e0 la lecture de l&rsquo;ordre du jour, expose la situation morale de l\u2019association et organise les d\u00e9bats.&nbsp;<\/p>\n\n\n\n<p>Le Secr\u00e9taire dresse proc\u00e8s verbal de l&rsquo;Assembl\u00e9e.<\/p>\n\n\n\n<p>Le Tr\u00e9sorier proc\u00e8de au d\u00e9compte des voix, rend compte de sa gestion et soumet le bilan \u00e0 l\u2019approbation de l\u2019Assembl\u00e9e.<\/p>\n\n\n\n<p><strong>Article 10&nbsp;\u2013 Quatri\u00e8mement :<\/strong> <strong>\u00ab&nbsp;Scrutin&nbsp;\u00bb<\/strong><\/p>\n\n\n\n<p>L\u2019Assembl\u00e9e G\u00e9n\u00e9rale n\u2019est valable que si le quorum, fix\u00e9 \u00e0 la moiti\u00e9 plus un, est atteint&nbsp;\u00e0 l\u2019ouverture, sans quoi elle sera report\u00e9e \u00e0 une date ult\u00e9rieure.<\/p>\n\n\n\n<p>Ont voix d\u00e9lib\u00e9ratives les membres adh\u00e9rents physiquement pr\u00e9sents aux assembl\u00e9es.&nbsp;<\/p>\n\n\n\n<p>Les procurations des membres de l\u2019association sont recevables aux votes \u00e0 raison de deux procurations par adh\u00e9rent pr\u00e9sent au jour des assembl\u00e9es. Toute procuration surnum\u00e9raire est nulle d\u2019effet. La procuration est donn\u00e9e par remise d\u2019un pouvoir \u00e9crit au b\u00e9n\u00e9ficiaire. Les procurations ne sont ni directives, ni coercitives. L\u2019association ne re\u00e7oit aucune contestation n\u00e9e des conventions pass\u00e9es entre ses membres quant \u00e0 l\u2019usage fait des procurations.<\/p>\n\n\n\n<p>Les votes ont lieu soit \u00e0 main lev\u00e9e soit au scrutin secret, \u00e0 la discr\u00e9tion du Bureau en exercice.<\/p>\n\n\n\n<p>Les d\u00e9cisions sont prises \u00e0 la majorit\u00e9 des suffrages exprim\u00e9s. En cas d\u2019\u00e9galit\u00e9, la voix du pr\u00e9sident de l\u2019association est pr\u00e9pond\u00e9rante.<\/p>\n\n\n\n<p>Il est dress\u00e9 proc\u00e8s-verbal de l\u2019Assembl\u00e9e g\u00e9n\u00e9rale.<\/p>\n\n\n\n<p><strong>Article 11&nbsp;:<\/strong> <strong>\u00ab&nbsp;Assembl\u00e9e G\u00e9n\u00e9rale Extraordinaire&nbsp;\u00bb<\/strong><\/p>\n\n\n\n<p>L&rsquo;Assembl\u00e9e G\u00e9n\u00e9rale est convoqu\u00e9e en sa forme Extraordinaire si l&rsquo;ordre du jour porte sur :&nbsp;<\/p>\n\n\n\n<ul>\n<li>La r\u00e9vision des statuts,<\/li>\n\n\n\n<li>La dissolution de l&rsquo;association,<\/li>\n\n\n\n<li>Toute question urgente \u00e0 la demande du Bureau.<\/li>\n<\/ul>\n\n\n\n<p>L\u2019Assembl\u00e9e G\u00e9n\u00e9rale Extraordinaire d\u00e9lib\u00e8re valablement sous la condition de la pr\u00e9sence d&rsquo;au moins 2\/3 (deux tiers) des membres de l&rsquo;association.&nbsp;<\/p>\n\n\n\n<p>Les d\u00e9cisions sont acquises par un vote \u00e0 la majorit\u00e9, plus une voix, des suffrages exprim\u00e9s. Tout autre r\u00e9sultat entra\u00eene le rejet de la proposition.&nbsp;<\/p>\n\n\n\n<p><strong>Article 11 &#8211; Premi\u00e8rement :<\/strong><strong> \u00ab&nbsp;Modification Statutaires&nbsp;\u00bb<\/strong><\/p>\n\n\n\n<p>Les propositions d\u2019avenants aux pr\u00e9sents statuts doivent \u00eatre transmises par \u00e9crit au plus tard 5 jours avant la tenue de l&rsquo;Assembl\u00e9e G\u00e9n\u00e9rale Extraordinaire au secr\u00e9taire de l&rsquo;association.<\/p>\n\n\n\n<p>Les modifications statutaires sont consign\u00e9es par le Secr\u00e9taire de l&rsquo;association dans un \u00ab registre des Statuts et des modifications \u00bb cr\u00e9\u00e9 \u00e0 cet effet. Ce document, qui peut \u00eatre num\u00e9rique, est librement consultable aupr\u00e8s du secr\u00e9taire par les membres de l&rsquo;association ou sur requ\u00eate de la pr\u00e9fecture des Landes.&nbsp;<\/p>\n\n\n\n<p>En cas d&rsquo;adoption de statuts modifi\u00e9s, il appartient au Bureau de faire conna\u00eetre sous trois mois \u00e0 la pr\u00e9fecture les modifications intervenues.&nbsp;<\/p>\n\n\n\n<p>&nbsp;<strong>Article 11 &#8211; Secondement :<\/strong><strong> \u00ab&nbsp;Dissolution \u00bb<\/strong><\/p>\n\n\n\n<p>En cas de dissolution volontaire, statuaire ou judiciaire, l\u2019Assembl\u00e9e G\u00e9n\u00e9rale extraordinaire statuera sur la d\u00e9volution du patrimoine de l\u2019association, sans pouvoir attribuer aux membres de l\u2019association autre chose que leurs apports.&nbsp;<\/p>\n\n\n\n<p>Elle d\u00e9signe les \u00e9tablissements publics ou priv\u00e9s reconnus d\u2019utilit\u00e9 publique, ou \u00e9ventuellement les associations d\u00e9clar\u00e9es ayant un objet similaire \u00e0 celui de l\u2019association dissoute qui recevront le reliquat de l\u2019actif apr\u00e8s paiement de toutes dettes et charges de l\u2019association et de tout frais de liquidation.&nbsp;&nbsp;&nbsp;&nbsp;&nbsp;&nbsp;&nbsp;&nbsp;&nbsp;<\/p>\n\n\n\n<p>Elle nomme, pour assurer les op\u00e9rations de liquidation, un ou plusieurs membres de l\u2019association, qui seront investis \u00e0 cet effet de tous les pouvoirs n\u00e9cessaires.<\/p>\n\n\n\n<p><strong>Article 12 :<\/strong><strong> \u00ab&nbsp;Membres d\u2019honneur \u00bb<\/strong><\/p>\n\n\n\n<p>La dissolution volontaire de l\u2019association devra \u00eatre approuv\u00e9e \u00e0 l\u2019unanimit\u00e9 des membres d\u2019honneur de l\u2019association. Dans le cas contraire, la d\u00e9cision de dissolution est nulle d\u2019effet.<\/p>\n\n\n\n<p>Toute d\u00e9cision du Bureau jug\u00e9e contraire aux int\u00e9r\u00eats de l\u2019association et de ses membres pourra faire l\u2019objet d\u2019un droit de v\u00e9to inali\u00e9nable de la part des membres d\u2019honneur. Ce droit de v\u00e9to, sous la forme d\u2019une p\u00e9tition nominative, sera consid\u00e9r\u00e9 comme recevable \u00e0 la condition qu\u2019il r\u00e9unisse la majorit\u00e9 plus un des membres d\u2019honneur et aura pour effet imm\u00e9diat d\u2019annuler la d\u00e9cision vis\u00e9e.<\/p>\n\n\n\n<p><strong>Article 13&nbsp;:<\/strong> <strong>\u00ab&nbsp;R\u00e8glement int\u00e9rieur&nbsp;\u00bb<\/strong><\/p>\n\n\n\n<p>Un r\u00e8glement int\u00e9rieur peut \u00eatre \u00e9tabli par le Bureau qui le fait ensuite ratifier par l\u2019Assembl\u00e9e G\u00e9n\u00e9rale.<\/p>\n\n\n\n<p>Le Bureau re\u00e7oit de ses membres toutes les propositions d&rsquo;avenant au r\u00e8glement par \u00e9crit.&nbsp;<\/p>\n\n\n\n<p>Ce r\u00e8glement \u00e9ventuel est destin\u00e9 \u00e0 fixer les divers points non pr\u00e9vus par les statuts, notamment ceux qui ont trait \u00e0 l\u2019administration interne de l\u2019Association.<\/p>\n\n\n\n<p><strong>Article 14&nbsp;:<\/strong>&nbsp; <strong>\u00ab&nbsp;Engagement de l&rsquo;association \u00bb<\/strong><\/p>\n\n\n\n<p>Le patrimoine de l&rsquo;association r\u00e9pondra seul des engagements contract\u00e9s en son nom, sans qu&rsquo;aucun de ses membres ne puisse \u00eatre tenu personnellement responsable.&nbsp;<\/p>\n\n\n\n<p><strong>Article 15 :<\/strong><strong> \u00ab&nbsp;Gratuit\u00e9 des mandats&nbsp;\u00bb<\/strong><\/p>\n\n\n\n<p>Les membres de l&rsquo;association ne re\u00e7oivent aucune r\u00e9tribution au titre des fonctions qui leur sont confi\u00e9es et qu&rsquo;ils acceptent dans le cadre de l&rsquo;association.<\/p>\n\n\n\n<p><strong>Article 16 :<\/strong><strong> \u00ab&nbsp;Projets d\u2019activit\u00e9s&nbsp;\u00bb<\/strong><\/p>\n\n\n\n<p>Les projets d\u2019activit\u00e9s sont adopt\u00e9s par l\u2019Assembl\u00e9e G\u00e9n\u00e9rale et\/ou en relation avec le Bureau.&nbsp;<\/p>\n\n\n\n<p>Les projets d\u2019activit\u00e9s sont port\u00e9s par les membres de l\u2019association \u00e0 raison d\u2019au moins un membre par projet.&nbsp;<\/p>\n\n\n\n<p>Le Bureau a la charge d\u2019organiser les moyens de la r\u00e9ception des projets des membres de l\u2019association et d\u2019assister ces derniers dans la finalisation administrative et technique de ces projets, \u00e0 condition que le projet ne mette pas en danger les finances et le mat\u00e9riel de l\u2019association, ni ne nuise \u00e0 l\u2019image de celle-ci.<\/p>\n","protected":false},"excerpt":{"rendered":"<p>Statuts de l\u2019association \u00ab\u00a0la Citadelle de Roq\u00a0\u00bb d\u00e9clar\u00e9e sous le r\u00e9gime de la loi du 1er juillet 1901 et le d\u00e9cret du 16 ao\u00fbt 1901 Article 1&nbsp;: Il est fond\u00e9 entre les adh\u00e9rents aux pr\u00e9sents statuts une association r\u00e9gie par la loi du 1er juillet 1901 et le d\u00e9cret du 16 ao\u00fbt 1901 ayant pour &hellip; <\/p>\n<p class=\"link-more\"><a href=\"https:\/\/citadellederoq.fr\/index.php\/statuts-de-lassociation\/\" class=\"more-link\">Continuer la lecture<span class=\"screen-reader-text\"> de &laquo;&nbsp;Statuts de l&rsquo;association&nbsp;&raquo;<\/span><\/a><\/p>\n","protected":false},"author":1,"featured_media":0,"parent":0,"menu_order":0,"comment_status":"closed","ping_status":"closed","template":"","meta":{"footnotes":"","_vp_format_video_url":"","_vp_image_focal_point":[]},"_links":{"self":[{"href":"https:\/\/citadellederoq.fr\/index.php\/wp-json\/wp\/v2\/pages\/83"}],"collection":[{"href":"https:\/\/citadellederoq.fr\/index.php\/wp-json\/wp\/v2\/pages"}],"about":[{"href":"https:\/\/citadellederoq.fr\/index.php\/wp-json\/wp\/v2\/types\/page"}],"author":[{"embeddable":true,"href":"https:\/\/citadellederoq.fr\/index.php\/wp-json\/wp\/v2\/users\/1"}],"replies":[{"embeddable":true,"href":"https:\/\/citadellederoq.fr\/index.php\/wp-json\/wp\/v2\/comments?post=83"}],"version-history":[{"count":5,"href":"https:\/\/citadellederoq.fr\/index.php\/wp-json\/wp\/v2\/pages\/83\/revisions"}],"predecessor-version":[{"id":220,"href":"https:\/\/citadellederoq.fr\/index.php\/wp-json\/wp\/v2\/pages\/83\/revisions\/220"}],"wp:attachment":[{"href":"https:\/\/citadellederoq.fr\/index.php\/wp-json\/wp\/v2\/media?parent=83"}],"curies":[{"name":"wp","href":"https:\/\/api.w.org\/{rel}","templated":true}]}}