{"id":85,"date":"2024-02-13T22:21:18","date_gmt":"2024-02-13T22:21:18","guid":{"rendered":"http:\/\/192.168.10.58\/cdr\/?page_id=85"},"modified":"2026-02-28T17:06:15","modified_gmt":"2026-02-28T17:06:15","slug":"nos-activites","status":"publish","type":"page","link":"https:\/\/citadellederoq.fr\/index.php\/nos-activites\/","title":{"rendered":"Activit\u00e9s"},"content":{"rendered":"<style>\/*! elementor - v3.19.0 - 28-02-2024 *\/\n.elementor-widget-image{text-align:center}.elementor-widget-image a{display:inline-block}.elementor-widget-image a img[src$=\".svg\"]{width:48px}.elementor-widget-image img{vertical-align:middle;display:inline-block}<\/style>\n<p>\t\t\t\t\t\t\t\t\t\t<img fetchpriority=\"high\" decoding=\"async\" width=\"396\" height=\"426\" src=\"https:\/\/citadellederoq.fr\/wp-content\/uploads\/2024\/02\/logo-jdr.jpg\" alt=\"\" srcset=\"https:\/\/citadellederoq.fr\/wp-content\/uploads\/2024\/02\/logo-jdr.jpg 396w, https:\/\/citadellederoq.fr\/wp-content\/uploads\/2024\/02\/logo-jdr-279x300.jpg 279w\" sizes=\"100vw\" \/><br \/>\n\t\t\t\t\t\t\t\t\t\t\t\t\t<img decoding=\"async\" width=\"225\" height=\"225\" src=\"https:\/\/citadellederoq.fr\/wp-content\/uploads\/2024\/02\/logo-gn.jpg\" alt=\"\" srcset=\"https:\/\/citadellederoq.fr\/wp-content\/uploads\/2024\/02\/logo-gn.jpg 225w, https:\/\/citadellederoq.fr\/wp-content\/uploads\/2024\/02\/logo-gn-150x150.jpg 150w, https:\/\/citadellederoq.fr\/wp-content\/uploads\/2024\/02\/logo-gn-100x100.jpg 100w\" sizes=\"100vw\" \/><br \/>\n\t\t\t\t\t\t\t\t\t\t\t\t\t<img decoding=\"async\" width=\"396\" height=\"396\" src=\"https:\/\/citadellederoq.fr\/wp-content\/uploads\/2024\/02\/logo-murder.jpg\" alt=\"\" srcset=\"https:\/\/citadellederoq.fr\/wp-content\/uploads\/2024\/02\/logo-murder.jpg 396w, https:\/\/citadellederoq.fr\/wp-content\/uploads\/2024\/02\/logo-murder-300x300.jpg 300w, https:\/\/citadellederoq.fr\/wp-content\/uploads\/2024\/02\/logo-murder-150x150.jpg 150w, https:\/\/citadellederoq.fr\/wp-content\/uploads\/2024\/02\/logo-murder-100x100.jpg 100w\" sizes=\"100vw\" \/><br \/>\n\t\t\t\t\t\t\t\t\t\t\t\t\t<img loading=\"lazy\" decoding=\"async\" width=\"489\" height=\"396\" src=\"https:\/\/citadellederoq.fr\/wp-content\/uploads\/2024\/02\/logo-taverne.jpg\" alt=\"\" srcset=\"https:\/\/citadellederoq.fr\/wp-content\/uploads\/2024\/02\/logo-taverne.jpg 489w, https:\/\/citadellederoq.fr\/wp-content\/uploads\/2024\/02\/logo-taverne-300x243.jpg 300w\" sizes=\"100vw\" \/>\t\t\t\t\t\t\t\t\t\t\t\t\t<\/p>\n<p>La Citadelle de Roq propose des activit\u00e9s ludiques principalement bas\u00e9es sur les univers m\u00e9di\u00e9val-fantastique (Seigneur des Anneaux), post-apocalyptique (walking dead), historique, pirate, viking&#8230;<\/p>\n<p>Ainsi que des animations lors d&rsquo;\u00e9v\u00e8nements publiques (f\u00eates m\u00e9di\u00e9vales, festivals&#8230;).<\/p>\n<p>Tous les ans nous tenons \u00e9galement une \u00ab\u00a0taverne m\u00e9di\u00e9vale\u00a0\u00bb pour les f\u00eates de Roquefort \u00e0 la mi aout.<\/p>\n","protected":false},"excerpt":{"rendered":"<p>La Citadelle de Roq propose des activit\u00e9s ludiques principalement bas\u00e9es sur les univers m\u00e9di\u00e9val-fantastique (Seigneur des Anneaux), post-apocalyptique (walking dead), historique, pirate, viking&#8230; Ainsi que des animations lors d&rsquo;\u00e9v\u00e8nements publiques (f\u00eates m\u00e9di\u00e9vales, festivals&#8230;). Tous les ans nous tenons \u00e9galement une \u00ab\u00a0taverne m\u00e9di\u00e9vale\u00a0\u00bb pour les f\u00eates de Roquefort \u00e0 la mi aout.<\/p>\n","protected":false},"author":1,"featured_media":0,"parent":0,"menu_order":0,"comment_status":"closed","ping_status":"closed","template":"","meta":{"footnotes":"","_vp_format_video_url":"","_vp_image_focal_point":[]},"_links":{"self":[{"href":"https:\/\/citadellederoq.fr\/index.php\/wp-json\/wp\/v2\/pages\/85"}],"collection":[{"href":"https:\/\/citadellederoq.fr\/index.php\/wp-json\/wp\/v2\/pages"}],"about":[{"href":"https:\/\/citadellederoq.fr\/index.php\/wp-json\/wp\/v2\/types\/page"}],"author":[{"embeddable":true,"href":"https:\/\/citadellederoq.fr\/index.php\/wp-json\/wp\/v2\/users\/1"}],"replies":[{"embeddable":true,"href":"https:\/\/citadellederoq.fr\/index.php\/wp-json\/wp\/v2\/comments?post=85"}],"version-history":[{"count":14,"href":"https:\/\/citadellederoq.fr\/index.php\/wp-json\/wp\/v2\/pages\/85\/revisions"}],"predecessor-version":[{"id":582,"href":"https:\/\/citadellederoq.fr\/index.php\/wp-json\/wp\/v2\/pages\/85\/revisions\/582"}],"wp:attachment":[{"href":"https:\/\/citadellederoq.fr\/index.php\/wp-json\/wp\/v2\/media?parent=85"}],"curies":[{"name":"wp","href":"https:\/\/api.w.org\/{rel}","templated":true}]}}